{"id":3,"date":"2024-03-24T14:46:35","date_gmt":"2024-03-24T13:46:35","guid":{"rendered":"http:\/\/athletidai.com\/?page_id=3"},"modified":"2024-10-28T18:46:41","modified_gmt":"2024-10-28T17:46:41","slug":"politique-de-confidentialite","status":"publish","type":"page","link":"https:\/\/athletidai.com\/index.php\/politique-de-confidentialite\/","title":{"rendered":"Politique de confidentialit\u00e9"},"content":{"rendered":"\t\t<div data-elementor-type=\"wp-page\" data-elementor-id=\"3\" class=\"elementor elementor-3\">\n\t\t\t\t<div class=\"elementor-element elementor-element-f68e4ab e-flex e-con-boxed e-con e-parent\" data-id=\"f68e4ab\" data-element_type=\"container\">\n\t\t\t\t\t<div class=\"e-con-inner\">\n\t\t\t\t<div class=\"elementor-element elementor-element-e683c9d elementor-widget elementor-widget-heading\" data-id=\"e683c9d\" data-element_type=\"widget\" data-widget_type=\"heading.default\">\n\t\t\t\t<div class=\"elementor-widget-container\">\n\t\t\t<h1 class=\"elementor-heading-title elementor-size-default\">Politique de confidentialit\u00e9<\/h1>\t\t<\/div>\n\t\t\t\t<\/div>\n\t\t\t\t<div class=\"elementor-element elementor-element-c52d99f elementor-widget elementor-widget-text-editor\" data-id=\"c52d99f\" data-element_type=\"widget\" data-widget_type=\"text-editor.default\">\n\t\t\t\t<div class=\"elementor-widget-container\">\n\t\t\t\t\t\t\t<p>Chez ATHLETID, la protection de vos donn\u00e9es personnelles est une priorit\u00e9. Lors de votre utilisation du site internet www.athletid.com (ci-apr\u00e8s le \u00ab Site \u00bb), nous sommes amen\u00e9s \u00e0 recueillir des donn\u00e9es \u00e0 caract\u00e8re personnel vous concernant. Le but de cette politique est de vous informer sur les modalit\u00e9s selon lesquelles nous traitons ces donn\u00e9es en conformit\u00e9 avec le R\u00e8glement (UE) 2016\/679 du 27 avril 2016 relatif \u00e0 la protection des personnes physiques \u00e0 l\u2019\u00e9gard du traitement des donn\u00e9es \u00e0 caract\u00e8re personnel et \u00e0 la libre circulation de ces donn\u00e9es (ci-apr\u00e8s le \u00ab RGPD \u00bb).<\/p>\t\t\t\t\t\t<\/div>\n\t\t\t\t<\/div>\n\t\t\t\t<div class=\"elementor-element elementor-element-fe65381 elementor-widget elementor-widget-heading\" data-id=\"fe65381\" data-element_type=\"widget\" data-widget_type=\"heading.default\">\n\t\t\t\t<div class=\"elementor-widget-container\">\n\t\t\t<h2 class=\"elementor-heading-title elementor-size-default\">1. Qui est le responsable de traitement ?<\/h2>\t\t<\/div>\n\t\t\t\t<\/div>\n\t\t\t\t<div class=\"elementor-element elementor-element-1ccc495 elementor-widget elementor-widget-text-editor\" data-id=\"1ccc495\" data-element_type=\"widget\" data-widget_type=\"text-editor.default\">\n\t\t\t\t<div class=\"elementor-widget-container\">\n\t\t\t\t\t\t\t<p>Le responsable de traitement est la soci\u00e9t\u00e9 ATHLETID, SAS, immatricul\u00e9e au RCS de Lille sous le n\u00b0913 916 912, ayant son si\u00e8ge social 60 rue Gabriel P\u00e9ri 59320 Haubourdin. (ci-apr\u00e8s \u00ab Nous \u00bb).<\/p>\t\t\t\t\t\t<\/div>\n\t\t\t\t<\/div>\n\t\t\t\t<div class=\"elementor-element elementor-element-d8c6cfd elementor-widget elementor-widget-heading\" data-id=\"d8c6cfd\" data-element_type=\"widget\" data-widget_type=\"heading.default\">\n\t\t\t\t<div class=\"elementor-widget-container\">\n\t\t\t<h2 class=\"elementor-heading-title elementor-size-default\">2. Quelles donn\u00e9es collectons-nous ?<\/h2>\t\t<\/div>\n\t\t\t\t<\/div>\n\t\t\t\t<div class=\"elementor-element elementor-element-707a132 elementor-widget elementor-widget-text-editor\" data-id=\"707a132\" data-element_type=\"widget\" data-widget_type=\"text-editor.default\">\n\t\t\t\t<div class=\"elementor-widget-container\">\n\t\t\t\t\t\t\t<p>Une donn\u00e9e \u00e0 caract\u00e8re personnel est une donn\u00e9e qui permet d\u2019identifier un individu directement ou par recoupement avec d\u2019autres donn\u00e9es. Nous collectons des donn\u00e9es qui rel\u00e8vent des cat\u00e9gories suivantes :<\/p>\n<ul class=\"!list-disc\">\n<li>Des donn\u00e9es d\u2019identification (notamment vos nom, pr\u00e9noms, adresse email et postale, num\u00e9ro de t\u00e9l\u00e9phone, AppleID, GoogleID) ;<\/li>\n<li>Donn\u00e9es relatives \u00e0 votre vie professionnelle (notamment, l\u2019identit\u00e9 de l\u2019entreprise, le poste occup\u00e9, le secteur d\u2019activit\u00e9) ;<\/li>\n<li>Des donn\u00e9es relatives \u00e0 vos commandes ;<\/li>\n<li>Des donn\u00e9es de connexion (par exemple adresse IP, logs) ;<\/li>\n<li>Des donn\u00e9es \u00e9conomiques et financi\u00e8res (par exemple : RIB, carte bancaire);<\/li>\n<\/ul>\n<p>\u00a0<\/p>\n<p class=\"mt-[20px]\">Les donn\u00e9es obligatoires sont indiqu\u00e9es lorsque vous nous fournissez vos donn\u00e9es. Elles sont signal\u00e9es par un ast\u00e9risque et sont n\u00e9cessaires pour vous fournir nos services.<\/p>\t\t\t\t\t\t<\/div>\n\t\t\t\t<\/div>\n\t\t\t\t<div class=\"elementor-element elementor-element-be1f5a8 elementor-widget elementor-widget-heading\" data-id=\"be1f5a8\" data-element_type=\"widget\" data-widget_type=\"heading.default\">\n\t\t\t\t<div class=\"elementor-widget-container\">\n\t\t\t<h2 class=\"elementor-heading-title elementor-size-default\">3. Sur quelles bases l\u00e9gales, pour quelles finalit\u00e9s et pendant combien de temps conservons-nous vos donn\u00e9es personnelles ?<\/h2>\t\t<\/div>\n\t\t\t\t<\/div>\n\t\t\t\t\t<\/div>\n\t\t\t\t<\/div>\n\t\t<div class=\"elementor-element elementor-element-ff378e4 e-flex e-con-boxed e-con e-parent\" data-id=\"ff378e4\" data-element_type=\"container\">\n\t\t\t\t\t<div class=\"e-con-inner\">\n\t\t<div class=\"elementor-element elementor-element-215a824 e-con-full e-flex e-con e-child\" data-id=\"215a824\" data-element_type=\"container\">\n\t\t\t\t<div class=\"elementor-element elementor-element-d97819f elementor-widget elementor-widget-heading\" data-id=\"d97819f\" data-element_type=\"widget\" data-widget_type=\"heading.default\">\n\t\t\t\t<div class=\"elementor-widget-container\">\n\t\t\t<h3 class=\"elementor-heading-title elementor-size-default\">Finalit\u00e9s<\/h3>\t\t<\/div>\n\t\t\t\t<\/div>\n\t\t\t\t<div class=\"elementor-element elementor-element-ceb4370 elementor-widget elementor-widget-text-editor\" data-id=\"ceb4370\" data-element_type=\"widget\" data-widget_type=\"text-editor.default\">\n\t\t\t\t<div class=\"elementor-widget-container\">\n\t\t\t\t\t\t\t<p class=\"py-[20px] border-y border-y-[#F5F4F5]\">Fournir nos services disponibles sur notre Site via votre compte.<\/p>\n<p class=\"py-[20px] border-t border-t-[#F5F4F5]\">Ex\u00e9cuter votre commande, effectuer les op\u00e9rations relatives \u00e0 la gestion de nos clients concernant les contrats, commandes, livraisons, factures, programmes de fid\u00e9lit\u00e9 et suivi de la relation contractuelle avec nos clients.<\/p>\n<p class=\"py-[20px] border-y border-y-[#F5F4F5]\">Constituer un fichier de clients et prospects.<\/p>\n<p class=\"py-[20px] border-y border-y-[#F5F4F5]\">Adresser des newsletters, sollicitations et messages promotionnels \u00e0 nos clients.<\/p>\n<p class=\"py-[20px] border-y border-y-[#F5F4F5]\">Adresser des newsletters, sollicitations et messages promotionnels \u00e0 nos prospect.<\/p>\n<p class=\"py-[20px] border-y border-y-[#F5F4F5]\">R\u00e9pondre \u00e0 vos demandes d\u2019information et de support.<\/p>\n<p class=\"py-[20px] border-y border-y-[#F5F4F5]\">G\u00e9rer les demandes d\u2019exercice de droits.<\/p>\t\t\t\t\t\t<\/div>\n\t\t\t\t<\/div>\n\t\t\t\t<\/div>\n\t\t<div class=\"elementor-element elementor-element-157eb2b e-con-full e-flex e-con e-child\" data-id=\"157eb2b\" data-element_type=\"container\">\n\t\t\t\t<div class=\"elementor-element elementor-element-f3789c8 elementor-widget elementor-widget-heading\" data-id=\"f3789c8\" data-element_type=\"widget\" data-widget_type=\"heading.default\">\n\t\t\t\t<div class=\"elementor-widget-container\">\n\t\t\t<h3 class=\"elementor-heading-title elementor-size-default\">Bases l\u00e9gales<\/h3>\t\t<\/div>\n\t\t\t\t<\/div>\n\t\t\t\t<div class=\"elementor-element elementor-element-62454b4 elementor-widget elementor-widget-text-editor\" data-id=\"62454b4\" data-element_type=\"widget\" data-widget_type=\"text-editor.default\">\n\t\t\t\t<div class=\"elementor-widget-container\">\n\t\t\t\t\t\t\t<p class=\"py-[20px] border-y border-y-[#F5F4F5]\">Ex\u00e9cution des Conditions G\u00e9n\u00e9rales que vous ou votre soci\u00e9t\u00e9 avez souscrit avec Nous.<\/p>\n<p class=\"py-[20px] border-t border-t-[#F5F4F5]\">Ex\u00e9cution du contrat que vous ou votre soci\u00e9t\u00e9 avez souscrit avec Nous.<\/p>\n<p class=\"py-[20px] border-y border-y-[#F5F4F5]\">Notre int\u00e9r\u00eat l\u00e9gitime \u00e0 d\u00e9velopper et promouvoir notre activit\u00e9.<\/p>\n<p class=\"py-[20px] border-y border-y-[#F5F4F5]\">Notre int\u00e9r\u00eat l\u00e9gitime \u00e0 fid\u00e9liser et informer nos clients de nos derni\u00e8res actualit\u00e9s.<\/p>\n<p class=\"py-[20px] border-y border-y-[#F5F4F5]\">Prospects BtoC : Votre consentement Prospects BtoB : Notre int\u00e9r\u00eat l\u00e9gitime \u00e0 fid\u00e9liser et informer nos prospects de nos derni\u00e8res actualit\u00e9s.<\/p>\n<p class=\"py-[20px] border-y border-y-[#F5F4F5]\">Notre int\u00e9r\u00eat l\u00e9gitime \u00e0 r\u00e9pondre \u00e0 vos demandes.<\/p>\n<p class=\"py-[20px] border-y border-y-[#F5F4F5]\">Notre int\u00e9r\u00eat l\u00e9gitime \u00e0 r\u00e9pondre \u00e0 vos demandes et \u00e0 conserver un suivi de celles-ci.<\/p>\t\t\t\t\t\t<\/div>\n\t\t\t\t<\/div>\n\t\t\t\t<\/div>\n\t\t<div class=\"elementor-element elementor-element-51b7505 e-con-full e-flex e-con e-child\" data-id=\"51b7505\" data-element_type=\"container\">\n\t\t\t\t<div class=\"elementor-element elementor-element-16d9025 elementor-widget elementor-widget-heading\" data-id=\"16d9025\" data-element_type=\"widget\" data-widget_type=\"heading.default\">\n\t\t\t\t<div class=\"elementor-widget-container\">\n\t\t\t<h3 class=\"elementor-heading-title elementor-size-default\">Dur\u00e9es de conservation<\/h3>\t\t<\/div>\n\t\t\t\t<\/div>\n\t\t\t\t<div class=\"elementor-element elementor-element-8855626 elementor-widget elementor-widget-text-editor\" data-id=\"8855626\" data-element_type=\"widget\" data-widget_type=\"text-editor.default\">\n\t\t\t\t<div class=\"elementor-widget-container\">\n\t\t\t\t\t\t\t<p class=\"py-[20px] border-y border-y-[#F5F4F5]\">Vos donn\u00e9es sont conserv\u00e9es pour toute la dur\u00e9e de votre compte. En cas de compte inactif pendant 2 ans, vos donn\u00e9es personnelles seront supprim\u00e9es en l\u2019absence de r\u00e9ponse de votre part \u00e0 notre email de r\u00e9activation. En outre, vos donn\u00e9es peuvent \u00eatre archiv\u00e9es \u00e0 des fins probatoires pendant une dur\u00e9e de 5 ans.<\/p>\n<p class=\"py-[20px] border-t border-t-[#F5F4F5]\">Les donn\u00e9es personnelles sont conserv\u00e9es pendant toute la dur\u00e9e de la relation contractuelle. Vos factures sont archiv\u00e9es pendant une dur\u00e9e de 10 ans. En outre, vos donn\u00e9es (\u00e0 l\u2019exception de vos coordonn\u00e9es bancaires) sont archiv\u00e9es \u00e0 des fins probatoires pendant une dur\u00e9e de 5 ans.<\/p>\n<p class=\"py-[20px] border-y border-y-[#F5F4F5]\">Pour les clients : les donn\u00e9es sont conserv\u00e9es pendant toute la dur\u00e9e de la relation contractuelle. Pour les prospects : les donn\u00e9es sont conserv\u00e9es pendant un d\u00e9lai de 3 ans \u00e0 compter de votre dernier contact, \u00e0 des fins de prospection.<\/p>\n<p class=\"py-[20px] border-y border-y-[#F5F4F5]\">Les donn\u00e9es sont conserv\u00e9es pendant 3 ans \u00e0 compter de votre dernier contact avec nous<\/p>\n<p class=\"py-[20px] border-y border-y-[#F5F4F5]\">Les donn\u00e9es sont conserv\u00e9es pendant 3 ans \u00e0 compter de votre dernier contact avec Nous ou jusqu\u2019au retrait de votre consentement.<\/p>\n<p class=\"py-[20px] border-y border-y-[#F5F4F5]\">Les donn\u00e9es sont conserv\u00e9es pendant le temps n\u00e9cessaire au traitement de votre demande et supprim\u00e9es une fois la demande trait\u00e9e.<\/p>\n<p class=\"py-[20px] border-y border-y-[#F5F4F5]\">Si nous vous demandons un justificatif d\u2019identit\u00e9 : nous le conservons seulement pendant le temps n\u00e9cessaire \u00e0 la v\u00e9rification d\u2019identit\u00e9. Une fois la v\u00e9rification effectu\u00e9e, le justificatif est supprim\u00e9. Si vous exercez votre droit d\u2019opposition \u00e0 recevoir de la prospection : nous conservons cette information pendant 3 ans.<\/p>\t\t\t\t\t\t<\/div>\n\t\t\t\t<\/div>\n\t\t\t\t<\/div>\n\t\t\t\t\t<\/div>\n\t\t\t\t<\/div>\n\t\t<div class=\"elementor-element elementor-element-ef472fd e-flex e-con-boxed e-con e-parent\" data-id=\"ef472fd\" data-element_type=\"container\">\n\t\t\t\t\t<div class=\"e-con-inner\">\n\t\t\t\t<div class=\"elementor-element elementor-element-1241c32 elementor-widget elementor-widget-heading\" data-id=\"1241c32\" data-element_type=\"widget\" data-widget_type=\"heading.default\">\n\t\t\t\t<div class=\"elementor-widget-container\">\n\t\t\t<h2 class=\"elementor-heading-title elementor-size-default\">4. Vos donn\u00e9es sont-elles susceptibles d\u2019\u00eatre transf\u00e9r\u00e9es hors de l\u2019Union europ\u00e9enne ?<\/h2>\t\t<\/div>\n\t\t\t\t<\/div>\n\t\t\t\t<div class=\"elementor-element elementor-element-1c4bde8 elementor-widget elementor-widget-text-editor\" data-id=\"1c4bde8\" data-element_type=\"widget\" data-widget_type=\"text-editor.default\">\n\t\t\t\t<div class=\"elementor-widget-container\">\n\t\t\t\t\t\t\t<p>Vos donn\u00e9es sont conserv\u00e9es et stock\u00e9es pendant toute la dur\u00e9e des traitements sur les serveurs de la soci\u00e9t\u00e9 HOSTINGER situ\u00e9s au Royaume Unis.<\/p>\n<p>Dans le cadre des outils que nous utilisons (voir article sur les destinataires concernant nos sous-traitants), vos donn\u00e9es sont susceptibles de faire l\u2019objet de transferts hors de l\u2019Union europ\u00e9enne. Le transfert de vos donn\u00e9es dans ce cadre est s\u00e9curis\u00e9 au moyen des outils suivants :<\/p>\n<ul class=\"!list-disc\">\n<li>soit les donn\u00e9es sont transf\u00e9r\u00e9es dans un pays ayant fait l\u2019objet d\u2019une d\u00e9cision d\u2019ad\u00e9quation de la Commission europ\u00e9enne, conform\u00e9ment \u00e0 l\u2019article 45 du RGPD : dans ce cas, ce pays assure un niveau de protection jug\u00e9 comme suffisant et ad\u00e9quat aux dispositions du RGPD;<\/li>\n<li>soit les donn\u00e9es sont transf\u00e9r\u00e9es dans un pays dont le niveau de protection des donn\u00e9es n\u2019a pas \u00e9t\u00e9 reconnu comme ad\u00e9quat au RGPD : dans ce cas ces transferts sont fond\u00e9s sur des garanties appropri\u00e9es indiqu\u00e9es \u00e0 l\u2019article 46 du RGPD, adapt\u00e9es \u00e0 chaque prestataire, notamment de fa\u00e7on non exhaustive la conclusion de clauses contractuelles types approuv\u00e9es par la Commission Europ\u00e9enne, l\u2019application de r\u00e8gles d\u2019entreprises contraignantes ou en vertu d\u2019un m\u00e9canisme de certification approuv\u00e9.<\/li>\n<li>soit les donn\u00e9es sont transf\u00e9r\u00e9es sur le fondement de l\u2019une des garanties appropri\u00e9es d\u00e9crites au Chapitre V du RGPD.<\/li>\n<\/ul>\t\t\t\t\t\t<\/div>\n\t\t\t\t<\/div>\n\t\t\t\t<div class=\"elementor-element elementor-element-be53080 elementor-widget elementor-widget-heading\" data-id=\"be53080\" data-element_type=\"widget\" data-widget_type=\"heading.default\">\n\t\t\t\t<div class=\"elementor-widget-container\">\n\t\t\t<h2 class=\"elementor-heading-title elementor-size-default\">5. Quels sont vos droits sur vos donn\u00e9es ?<\/h2>\t\t<\/div>\n\t\t\t\t<\/div>\n\t\t\t\t<div class=\"elementor-element elementor-element-1cea052 elementor-widget elementor-widget-text-editor\" data-id=\"1cea052\" data-element_type=\"widget\" data-widget_type=\"text-editor.default\">\n\t\t\t\t<div class=\"elementor-widget-container\">\n\t\t\t\t\t\t\t<p class=\"mb-[20px]\">Vous disposez des droits suivants s\u2019agissant de vos donn\u00e9es personnelles :<\/p>\n<ul>\n<li>Droit \u00e0 l\u2019information: c\u2019est justement la raison pour laquelle nous avons r\u00e9dig\u00e9 la pr\u00e9sente politique. Ce droit est pr\u00e9vu par les articles 13 et 14 du RGPD.<\/li>\n<li>Droit d\u2019acc\u00e8s: vous avez le droit d\u2019acc\u00e9der \u00e0 tout moment \u00e0 l\u2019ensemble de vos donn\u00e9es personnelles, en vertu de l\u2019article 15 du RGPD.<\/li>\n<li>Droit de rectification: vous avez le droit de rectifier \u00e0 tout moment vos donn\u00e9es personnelles inexactes, incompl\u00e8tes ou obsol\u00e8tes conform\u00e9ment \u00e0 l\u2019article 16 du RGPD<\/li>\n<li>Droit \u00e0 la limitation: vous avez le droit d\u2019obtenir la limitation du traitement de vos donn\u00e9es personnelles dans certains cas d\u00e9finis \u00e0 l\u2019article 18 du RGPD.<\/li>\n<li>Droit \u00e0 l\u2019effacement: vous avez le droit d\u2019exiger que vos donn\u00e9es personnelles soient effac\u00e9es, et d\u2019en interdire toute collecte future pour les motifs \u00e9nonc\u00e9s \u00e0 l\u2019article 17 du RGPD<\/li>\n<li>Droit d\u2019introduire une r\u00e9clamation aupr\u00e8s d\u2019une autorit\u00e9 de contr\u00f4le comp\u00e9tente (en France, la CNIL), si vous consid\u00e9rez que le traitement de vos donn\u00e9es personnelles constitue une violation des textes applicables. (Article 77 du RGPD)<\/li>\n<li>Droit de d\u00e9finir des directives relatives \u00e0 la conservation, \u00e0 l\u2019effacement et \u00e0 la communication de vos donn\u00e9es personnelles apr\u00e8s votre mort.<\/li>\n<li>Droit de retirer votre consentement \u00e0 tout moment: pour les finalit\u00e9s fond\u00e9es sur le consentement, l\u2019article 7 du RGPD dispose que vous pouvez retirer votre consentement \u00e0 tout moment. Ce retrait ne remettra pas en cause la l\u00e9galit\u00e9 du traitement effectu\u00e9 avant le retrait.<\/li>\n<li>Droit \u00e0 la portabilit\u00e9: selon certaines conditions pr\u00e9cis\u00e9es \u00e0 l\u2019article 20 du RGPD, vous avez le droit de recevoir les donn\u00e9es personnelles que vous nous avez fournies dans un format standard lisible par machine et d\u2019exiger leur transfert au destinataire de votre choix.<\/li>\n<li>Droit d\u2019opposition: en vertu de l\u2019article 21 du RGPD, vous avez le droit de vous opposer au traitement de vos donn\u00e9es personnelles. Notez toutefois que nous pourrons maintenir leur traitement malgr\u00e9 cette opposition, pour des motifs l\u00e9gitimes ou la d\u00e9fense de droits en justice.<\/li>\n<\/ul>\n<p class=\"mt-[20px]\">Droit d\u2019opposition: en vertu de l\u2019article 21 du RGPD, vous avez le droit de vous opposer au traitement de vos donn\u00e9es personnelles. Notez toutefois que nous pourrons maintenir leur traitement malgr\u00e9 cette opposition, pour des motifs l\u00e9gitimes ou la d\u00e9fense de droits en justice.<\/p>\t\t\t\t\t\t<\/div>\n\t\t\t\t<\/div>\n\t\t\t\t<div class=\"elementor-element elementor-element-e68ecaa elementor-widget elementor-widget-heading\" data-id=\"e68ecaa\" data-element_type=\"widget\" data-widget_type=\"heading.default\">\n\t\t\t\t<div class=\"elementor-widget-container\">\n\t\t\t<h2 class=\"elementor-heading-title elementor-size-default\">6. Point de contact en mati\u00e8re de donn\u00e9es personnelles<\/h2>\t\t<\/div>\n\t\t\t\t<\/div>\n\t\t\t\t<div class=\"elementor-element elementor-element-ab119c6 elementor-widget elementor-widget-text-editor\" data-id=\"ab119c6\" data-element_type=\"widget\" data-widget_type=\"text-editor.default\">\n\t\t\t\t<div class=\"elementor-widget-container\">\n\t\t\t\t\t\t\t<p class=\"mb-[20px]\">Email de contact : contact@athletid.com Adresse de contact : 60 Rue Gabriel P\u00e9ri, 59320 Haubourdin<\/p>\t\t\t\t\t\t<\/div>\n\t\t\t\t<\/div>\n\t\t\t\t<div class=\"elementor-element elementor-element-ded5f00 elementor-widget elementor-widget-heading\" data-id=\"ded5f00\" data-element_type=\"widget\" data-widget_type=\"heading.default\">\n\t\t\t\t<div class=\"elementor-widget-container\">\n\t\t\t<h2 class=\"elementor-heading-title elementor-size-default\">7. Modifications<\/h2>\t\t<\/div>\n\t\t\t\t<\/div>\n\t\t\t\t<div class=\"elementor-element elementor-element-003c7bb elementor-widget elementor-widget-text-editor\" data-id=\"003c7bb\" data-element_type=\"widget\" data-widget_type=\"text-editor.default\">\n\t\t\t\t<div class=\"elementor-widget-container\">\n\t\t\t\t\t\t\t<div class=\"max-w-[350px] md:max-w-[1170px] pt-[142px] lg:pt-[216px] mx-auto px-4 flex flex-col \">\n<p>Nous pouvons modifier \u00e0 tout moment la pr\u00e9sente politique, afin notamment de nous conformer \u00e0 toutes \u00e9volutions r\u00e9glementaires, jurisprudentielles, \u00e9ditoriales ou techniques. Ces modifications s\u2019appliqueront \u00e0 la date d\u2019entr\u00e9e en vigueur de la version modifi\u00e9e. Vous \u00eates donc invit\u00e9 \u00e0 consulter r\u00e9guli\u00e8rement la derni\u00e8re version de cette politique. N\u00e9anmoins, nous vous tiendrons inform\u00e9(e) de toute modification significative de la pr\u00e9sente politique de confidentialit\u00e9.<\/p>\n<p class=\"mt-[40px]\">Entr\u00e9e en vigueur : 23\/08\/2022<\/p>\n<\/div>\n<footer id=\"footer\" class=\"mt-[92px] md:mt-[120px] bg-black text-white flex items-end pt-[90px] md:pt-[75px] lg:pt-[150px] pb-[34px] w-full\">\n<div class=\" px-4 max-w-[350px] md:max-w-[1170px] mx-auto flex flex-col items-center\">\n<div class=\"grid md:grid-cols-2 md:mb-[50px]\">\n<div class=\"flex flex-col md:items-start md:justify-center items-center md:text-left text-center mb-[72px] md:mb-0\">\u00a0<\/div>\n<\/div>\n<\/div>\n<\/footer>\t\t\t\t\t\t<\/div>\n\t\t\t\t<\/div>\n\t\t\t\t\t<\/div>\n\t\t\t\t<\/div>\n\t\t\t\t<\/div>\n\t\t","protected":false},"excerpt":{"rendered":"<p>Politique de confidentialit\u00e9 Chez ATHLETID, la protection de vos donn\u00e9es personnelles est une priorit\u00e9. Lors de votre utilisation du site internet www.athletid.com (ci-apr\u00e8s le \u00ab Site \u00bb), nous sommes amen\u00e9s \u00e0 recueillir des donn\u00e9es \u00e0 caract\u00e8re personnel vous concernant. Le but de cette politique est de vous informer sur les modalit\u00e9s selon lesquelles nous traitons [&hellip;]<\/p>\n","protected":false},"author":1,"featured_media":0,"parent":0,"menu_order":0,"comment_status":"closed","ping_status":"open","template":"","meta":{"_themeisle_gutenberg_block_has_review":false,"footnotes":""},"class_list":["post-3","page","type-page","status-publish","hentry"],"_links":{"self":[{"href":"https:\/\/athletidai.com\/index.php\/wp-json\/wp\/v2\/pages\/3"}],"collection":[{"href":"https:\/\/athletidai.com\/index.php\/wp-json\/wp\/v2\/pages"}],"about":[{"href":"https:\/\/athletidai.com\/index.php\/wp-json\/wp\/v2\/types\/page"}],"author":[{"embeddable":true,"href":"https:\/\/athletidai.com\/index.php\/wp-json\/wp\/v2\/users\/1"}],"replies":[{"embeddable":true,"href":"https:\/\/athletidai.com\/index.php\/wp-json\/wp\/v2\/comments?post=3"}],"version-history":[{"count":6,"href":"https:\/\/athletidai.com\/index.php\/wp-json\/wp\/v2\/pages\/3\/revisions"}],"predecessor-version":[{"id":925,"href":"https:\/\/athletidai.com\/index.php\/wp-json\/wp\/v2\/pages\/3\/revisions\/925"}],"wp:attachment":[{"href":"https:\/\/athletidai.com\/index.php\/wp-json\/wp\/v2\/media?parent=3"}],"curies":[{"name":"wp","href":"https:\/\/api.w.org\/{rel}","templated":true}]}}